{"id":426,"date":"2025-11-14T12:03:07","date_gmt":"2025-11-14T11:03:07","guid":{"rendered":"https:\/\/www.imballcenter.it\/?page_id=426"},"modified":"2025-11-20T21:38:40","modified_gmt":"2025-11-20T20:38:40","slug":"condizioni-duso","status":"publish","type":"page","link":"https:\/\/www.imballcenter.it\/en\/condizioni-duso\/","title":{"rendered":"Condizioni D&#8217;uso"},"content":{"rendered":"<p><span class=\"s1\">L\u2019accesso e l\u2019utilizzo del sito www.imballcenter.it (il \u201cSito\u201d) \u00e8 subordinato all\u2019accettazione, da parte dell\u2019utente, delle seguenti condizioni (le \u201cCondizioni\u201d) e alle leggi applicabili.<\/span><\/p>\n<p><span class=\"s1\">Accedendo e consultando il Sito, l\u2019utente accetta, senza limitazioni o riserve, le Condizioni di seguito specificate. Qualora le Condizioni non siano accettate, l\u2019utente \u00e8 invitato a non utilizzare il Sito.<\/span><\/p>\n<p><span class=\"s1\">Il sito \u00e8 di propriet\u00e0 di Imballcenter Group S.r.l., con sede in Via A. Volta ,5 \u2013 Calenzano (FI) Italia e-mail info@imballcenter.it<\/span><\/p>\n<p><span class=\"s1\">Per qualsiasi richiesta \u00e8 possibile contattare ImballCenter Group ai recapiti indicati nella sezione Contatti.<\/span><\/p>\n<p><span class=\"s1\"><b>Limitazioni all\u2019uso dei contenuti e delle informazioni pubblicati sul Sito<\/b><b><\/b><\/span><\/p>\n<p><span class=\"s1\">Tutte le informazioni e i contenuti pubblicati sul Sito sono tutelati da diritti d\u2019autore o da altri diritti di propriet\u00e0 intellettuale e, salvo indicazione contraria, non possono essere utilizzati, n\u00e9 totalmente n\u00e9 in parte, n\u00e9 essere copiati, riprodotti, trasferiti, pubblicati e distribuiti in qualsiasi modo senza il preventivo consenso scritto di\u00a0<b>ImballCenter Group<\/b>.<\/span><\/p>\n<p><span class=\"s1\">L\u2019utente potr\u00e0 scaricare e\/o stampare le Informazioni e i contenuti esclusivamente per uso personale e a fini non commerciali.<\/span><\/p>\n<p><span class=\"s1\">In ogni caso, l\u2019utente non potr\u00e0 distribuire, modificare, trasmettere, riutilizzare, inviare o utilizzare le Informazioni o i contenuti, ivi compresi testi, immagini, nonch\u00e9 i software eventualmente presenti nel Sito, per scopi pubblicitari o commerciali senza la previa autorizzazione scritta di\u00a0<b>ImballCenter Group<\/b>.<\/span><\/p>\n<p><span class=\"s1\">I marchi, i loghi e qualsiasi altro segno distintivo che compaia sul Sito sono di propriet\u00e0 di\u00a0<b>ImballCenter Group<\/b>\u00a0o dei suoi partner commerciali, e non possono essere utilizzati in alcun modo e forma o con qualsiasi mezzo senza il preventivo consenso scritto di\u00a0<b>ImballCenter Group<\/b>. In particolare, la denominazione \u201c<b>ImballCenter Group<\/b>\u201d cos\u00ec come qualsiasi altro segno distintivo che contenga il marchio \u201cImballCenter Group\u201d non pu\u00f2 in alcun modo essere utilizzato quale nome di dominio o parte di esso, per siti terzi, senza il preventivo consenso scritto di\u00a0<b>ImballCenter Group<\/b>.<\/span><\/p>\n<p><span class=\"s1\">Qualora venga riscontrata una qualsiasi violazione di diritti di propriet\u00e0 intellettuale \u00e8 possibile inviare una segnalazione a\u00a0<b>ImballCenter Group<\/b>\u00a0al seguente indirizzo email:\u00a0<a href=\"mailto:info@kemiplast.com\"><span class=\"s2\">info@imballcenter.it<\/span><\/a>.<\/span><\/p>\n<p><span class=\"s1\"><b>Limitazioni di responsabilit\u00e0<\/b><b><\/b><\/span><\/p>\n<p><span class=\"s1\"><b>ImballCenter Group<\/b>\u00a0si adoperer\u00e0 per pubblicare Informazioni precise e aggiornate sul Sito. Tuttavia, non si fornisce alcuna garanzia che l\u2019uso delle Informazioni non violi diritti di terzi, n\u00e9 che esse siano prive di errori, esatte, complete e aggiornate. In nessun caso ImballCenter Group potr\u00e0 essere in alcun modo responsabile per qualsiasi conseguenza negativa, danno o perdita, derivante o connessa all\u2019uso del Sito o delle Informazioni.<\/span><\/p>\n<p class=\"p1\"><span class=\"s1\"><b>Siti, link e contenuti di terzi<\/b><b><\/b><\/span><\/p>\n<p><span class=\"s1\"><b>ImballCenter Group<\/b>\u00a0non pu\u00f2 controllare il contenuto di siti di terzi e di pagine esterne a cui il Sito possa essere in qualche modo collegato, e non assume alcuna responsabilit\u00e0 per i materiali e le informazioni contenute in tali siti rispetto ai quali\u00a0<b>ImballCenter Group<\/b>\u00a0abbia un qualche collegamento dal proprio sito. Il collegamento a pagine esterne al Sito avviene sotto la responsabilit\u00e0 dell\u2019utente. Il collegamento tramite link ad altri siti non implica in alcun modo che\u00a0<b>ImballCenter Group<\/b>\u00a0abbia rapporti di collaborazione o di affiliazione con i terzi titolari di questi siti.<\/span><\/p>\n<p class=\"p1\"><span class=\"s1\"><b>Informazioni inviate dagli utenti<\/b><b><\/b><\/span><\/p>\n<p><span class=\"s1\">Qualsiasi informazione, contenuto o materiale inviato al Sito (compresi i file caricati, dati, domande, commenti, suggerimenti o altro) sar\u00e0 sempre ritenuto confidenziale. L\u2019utente garantisce di tenere indenne ImballCenter Group da qualsiasi azione, richiesta, pretesa, domanda avanzata di terzi in relazione all\u2019utilizzo di tale materiale.<\/span><\/p>\n<p class=\"p1\"><span class=\"s1\"><b>Registrazione degli utenti<\/b><b><\/b><\/span><\/p>\n<p><span class=\"s1\">L\u2019utente garantisce a\u00a0<b>ImballCenter Group<\/b>\u00a0che le indicazioni fornite per la registrazione e in fase di invio di un ordine, qualora l\u2019utente non sia registrato, sono aggiornate, veritiere e corrette, e si impegna a comunicare ogni variazione dei dati riguardanti la registrazione. La comunicazione deve avvenire modificando il proprio account.<\/span><\/p>\n<p><span class=\"s1\">Nel caso in cui\u00a0<b>ImballCenter Group<\/b>\u00a0dovesse ritenere che le informazioni non siano corrette, o per una qualunque grave ragione ritenesse tale misura giustificata, potr\u00e0 negare l\u2019accesso al Sito o sospendere l\u2019account dell\u2019utente. Solo per gli utenti professionisti\/Societ\u00e0 aventi sede nell\u2019Unione Europea, ImballCenter Group proceder\u00e0 a verificarne la partita IVA.<\/span><\/p>\n<p class=\"p1\"><span class=\"s1\"><b>Limitazioni ulteriori<\/b><b><\/b><\/span><\/p>\n<p><span class=\"s1\">\u00c8 consentito il solo collegamento all\u2019home page del Sito da parte di terzi. In nessun caso \u00e8 consentito il cd. \u201cdeep linking\u201d senza la previa autorizzazione scritta di\u00a0<b>ImballCenter Group<\/b>.<\/span><\/p>\n<p><span class=\"s1\"><br \/>\nNon \u00e8 consentito il \u201cframing\u201d del Sito o di porzioni dello stesso da parte di terzi ne \u00e8 consentito l\u2019uso di qualsiasi altro mezzo che possa indurre gli utenti a ritenere che il contenuto del Sito sia riconducibile a terzi. \u00c8 inoltre proibita qualsiasi inclusione di porzioni del Sito in siti di terzi estranei a\u00a0<b>ImballCenter Group<\/b>.<\/span><\/p>\n<p><span class=\"s1\">Qualsiasi richiesta di collegamento alla home page del Sito o a qualsiasi sua sezione, pagina o contenuto pu\u00f2 essere inviata al seguente indirizzo:\u00a0<a href=\"mailto:info@kemiplast.com\"><span class=\"s2\">info@imballcenter.it<\/span><\/a>. ImballCenter Group conceder\u00e0 l\u2019autorizzazione all\u2019attivazione di link al Sito a propria discrezione, a titolo gratuito e in via non esclusiva.<\/span><\/p>\n<p class=\"p1\"><span class=\"s1\"><b>Ultimo aggiornamento 19\/11\/2025.<\/b><b><\/b><\/span><\/p>\n<p><span class=\"s1\">ImballCenter Group ha facolt\u00e0 di modificare in qualsiasi momento le presenti Condizioni. L\u2019utente \u00e8 vincolato da tali modifiche e deve pertanto consultare periodicamente questa pagina per verificare il contenuto delle Condizioni alle quali \u00e8 vincolato.<\/span><\/p>","protected":false},"excerpt":{"rendered":"<p>L\u2019accesso e l\u2019utilizzo del sito www.imballcenter.it (il \u201cSito\u201d) \u00e8 subordinato all\u2019accettazione, da parte dell\u2019utente, delle seguenti condizioni (le \u201cCondizioni\u201d) e alle leggi applicabili. Accedendo e consultando il Sito, l\u2019utente accetta, senza limitazioni o riserve, le Condizioni di seguito specificate. Qualora le Condizioni non siano accettate, l\u2019utente \u00e8 invitato a non utilizzare il Sito. Il sito [&hellip;]<\/p>\n","protected":false},"author":1,"featured_media":0,"parent":0,"menu_order":0,"comment_status":"closed","ping_status":"closed","template":"","meta":{"footnotes":""},"class_list":["post-426","page","type-page","status-publish","hentry"],"_links":{"self":[{"href":"https:\/\/www.imballcenter.it\/en\/wp-json\/wp\/v2\/pages\/426","targetHints":{"allow":["GET"]}}],"collection":[{"href":"https:\/\/www.imballcenter.it\/en\/wp-json\/wp\/v2\/pages"}],"about":[{"href":"https:\/\/www.imballcenter.it\/en\/wp-json\/wp\/v2\/types\/page"}],"author":[{"embeddable":true,"href":"https:\/\/www.imballcenter.it\/en\/wp-json\/wp\/v2\/users\/1"}],"replies":[{"embeddable":true,"href":"https:\/\/www.imballcenter.it\/en\/wp-json\/wp\/v2\/comments?post=426"}],"version-history":[{"count":5,"href":"https:\/\/www.imballcenter.it\/en\/wp-json\/wp\/v2\/pages\/426\/revisions"}],"predecessor-version":[{"id":605,"href":"https:\/\/www.imballcenter.it\/en\/wp-json\/wp\/v2\/pages\/426\/revisions\/605"}],"wp:attachment":[{"href":"https:\/\/www.imballcenter.it\/en\/wp-json\/wp\/v2\/media?parent=426"}],"curies":[{"name":"wp","href":"https:\/\/api.w.org\/{rel}","templated":true}]}}